{"id":8137,"date":"2022-07-07T13:33:37","date_gmt":"2022-07-07T11:33:37","guid":{"rendered":"https:\/\/prodigi.digital\/?page_id=8137"},"modified":"2022-07-07T13:40:09","modified_gmt":"2022-07-07T11:40:09","slug":"comprar-desde-una-url","status":"publish","type":"page","link":"https:\/\/prodigi.digital\/es\/comprar-desde-una-url\/","title":{"rendered":"Comprar desde una URL"},"content":{"rendered":"\t\t<div data-elementor-type=\"wp-page\" data-elementor-id=\"8137\" class=\"elementor elementor-8137\" data-elementor-post-type=\"page\">\n\t\t\t\t\t\t<section class=\"elementor-section elementor-top-section elementor-element elementor-element-70675de elementor-section-boxed elementor-section-height-default elementor-section-height-default parallax_section_no qode_elementor_container_no\" data-id=\"70675de\" data-element_type=\"section\" data-e-type=\"section\">\n\t\t\t\t\t\t<div class=\"elementor-container elementor-column-gap-default\">\n\t\t\t\t\t<div class=\"elementor-column elementor-col-100 elementor-top-column elementor-element elementor-element-e183885\" data-id=\"e183885\" data-element_type=\"column\" data-e-type=\"column\">\n\t\t\t<div class=\"elementor-widget-wrap\">\n\t\t\t\t\t\t\t<\/div>\n\t\t<\/div>\n\t\t\t\t\t<\/div>\n\t\t<\/section>\n\t\t\t\t<section class=\"elementor-section elementor-top-section elementor-element elementor-element-f835bef elementor-section-boxed elementor-section-height-default elementor-section-height-default parallax_section_no qode_elementor_container_no\" data-id=\"f835bef\" data-element_type=\"section\" data-e-type=\"section\">\n\t\t\t\t\t\t<div class=\"elementor-container elementor-column-gap-default\">\n\t\t\t\t\t<div class=\"elementor-column elementor-col-100 elementor-top-column elementor-element elementor-element-585ad00\" data-id=\"585ad00\" data-element_type=\"column\" data-e-type=\"column\">\n\t\t\t<div class=\"elementor-widget-wrap elementor-element-populated\">\n\t\t\t\t\t\t<div class=\"elementor-element elementor-element-d74f2a1 elementor-widget elementor-widget-heading\" data-id=\"d74f2a1\" data-element_type=\"widget\" data-e-type=\"widget\" data-widget_type=\"heading.default\">\n\t\t\t\t<div class=\"elementor-widget-container\">\n\t\t\t\t\t<h2 class=\"elementor-heading-title elementor-size-default\">COMPRAR EN PRODIGI.COM A TRAV\u00c9S DE UN ENLACE (URL)<\/h2>\t\t\t\t<\/div>\n\t\t\t\t<\/div>\n\t\t\t\t<div class=\"elementor-element elementor-element-b930166 elementor-widget elementor-widget-heading\" data-id=\"b930166\" data-element_type=\"widget\" data-e-type=\"widget\" data-widget_type=\"heading.default\">\n\t\t\t\t<div class=\"elementor-widget-container\">\n\t\t\t\t\t<h2 class=\"elementor-heading-title elementor-size-default\">Qu\u00e9 ventajas tiene tu compra en l\u00ednea.<\/h2>\t\t\t\t<\/div>\n\t\t\t\t<\/div>\n\t\t\t\t<div class=\"elementor-element elementor-element-988a13e elementor-widget elementor-widget-text-editor\" data-id=\"988a13e\" data-element_type=\"widget\" data-e-type=\"widget\" data-widget_type=\"text-editor.default\">\n\t\t\t\t<div class=\"elementor-widget-container\">\n\t\t\t\t\t\t\t\t\t<p>En ProDigi puedes comprar de forma r\u00e1pida, \u00e1gil, c\u00f3moda y segura. Adem\u00e1s, ahorrar\u00e1s en tus compras y dispondr\u00e1s siempre de la atenci\u00f3n al cliente que necesites en la direcci\u00f3n <a href=\"mailto:sat@editorialteide.com\">sat@editorialteide.com<\/a> (indica el nombre del centro educativo y la poblaci\u00f3n).<\/p>\t\t\t\t\t\t\t\t<\/div>\n\t\t\t\t<\/div>\n\t\t\t\t<div class=\"elementor-element elementor-element-53d3bae elementor-widget elementor-widget-heading\" data-id=\"53d3bae\" data-element_type=\"widget\" data-e-type=\"widget\" data-widget_type=\"heading.default\">\n\t\t\t\t<div class=\"elementor-widget-container\">\n\t\t\t\t\t<h2 class=\"elementor-heading-title elementor-size-default\">Qu\u00e9 puedo comprar en l\u00ednea.<\/h2>\t\t\t\t<\/div>\n\t\t\t\t<\/div>\n\t\t\t\t<div class=\"elementor-element elementor-element-910d60b elementor-widget elementor-widget-text-editor\" data-id=\"910d60b\" data-element_type=\"widget\" data-e-type=\"widget\" data-widget_type=\"text-editor.default\">\n\t\t\t\t<div class=\"elementor-widget-container\">\n\t\t\t\t\t\t\t\t\t<p>Puedes adquirir los materiales prescriptivos del centro educativo en tres formatos: libros en papel, libros en formato digital\/multimedia y materiales h\u00edbridos (cuadernos).<\/p>\t\t\t\t\t\t\t\t<\/div>\n\t\t\t\t<\/div>\n\t\t\t\t<div class=\"elementor-element elementor-element-e550524 elementor-widget elementor-widget-heading\" data-id=\"e550524\" data-element_type=\"widget\" data-e-type=\"widget\" data-widget_type=\"heading.default\">\n\t\t\t\t<div class=\"elementor-widget-container\">\n\t\t\t\t\t<h2 class=\"elementor-heading-title elementor-size-default\">Iniciar la compra mediante URL<\/h2>\t\t\t\t<\/div>\n\t\t\t\t<\/div>\n\t\t\t\t<div class=\"elementor-element elementor-element-02fe7ce elementor-widget elementor-widget-text-editor\" data-id=\"02fe7ce\" data-element_type=\"widget\" data-e-type=\"widget\" data-widget_type=\"text-editor.default\">\n\t\t\t\t<div class=\"elementor-widget-container\">\n\t\t\t\t\t\t\t\t\t<p>1. Accede a la URL que te ha facilitado el centro. Hacerlo dentro de las fechas indicadas garantiza el disponer de los materiales a tiempo y con el m\u00e1ximo ahorro.<\/p><p>2. En el formulario, debes introducir el nombre y la direcci\u00f3n electr\u00f3nica del padre\/madre\/tutor o tutora legal (solo para confirmar la compra), seleccionar el tipo de pago en l\u00ednea en <em>M\u00e9todo de pago<\/em>, aceptar los t\u00e9rminos y condiciones y hacer clic en <em>Continuar con el pago<\/em>.<\/p><p>3. Pasa a la siguiente pantalla, donde podr\u00e1s introducir los datos de tu tarjeta y hacer clic en <em>Pagar<\/em> para confirmar tu compra.<\/p><p>4. Recibir\u00e1s un correo electr\u00f3nico de confirmaci\u00f3n de tu pedido en la direcci\u00f3n del padre\/madre\/tutor o tutora legal.<\/p><p>5. Para cualquier consulta o aclaraci\u00f3n, escribe un correo electr\u00f3nico a la direcci\u00f3n <a href=\"mailto:sat@editorialteide.com\">sat@editorialteide.com<\/a> indicando el usuario y el centro de estudios.<\/p><p>6. El centro te indicar\u00e1 el d\u00eda y hora de entrega de los materiales en el mismo centro.<\/p>\t\t\t\t\t\t\t\t<\/div>\n\t\t\t\t<\/div>\n\t\t\t\t\t<\/div>\n\t\t<\/div>\n\t\t\t\t\t<\/div>\n\t\t<\/section>\n\t\t\t\t<\/div>\n\t\t","protected":false},"excerpt":{"rendered":"<p>COMPRAR EN PRODIGI.COM A TRAV\u00c9S DE UN ENLACE (URL) Qu\u00e9 ventajas tiene tu compra en l\u00ednea. En ProDigi puedes comprar de forma r\u00e1pida, \u00e1gil, c\u00f3moda y segura. Adem\u00e1s, ahorrar\u00e1s en tus compras y dispondr\u00e1s siempre de la atenci\u00f3n al cliente que necesites en la direcci\u00f3n&#8230;<\/p>\n","protected":false},"author":5,"featured_media":0,"parent":0,"menu_order":0,"comment_status":"closed","ping_status":"closed","template":"","meta":{"footnotes":""},"class_list":["post-8137","page","type-page","status-publish","hentry"],"_links":{"self":[{"href":"https:\/\/prodigi.digital\/es\/wp-json\/wp\/v2\/pages\/8137","targetHints":{"allow":["GET"]}}],"collection":[{"href":"https:\/\/prodigi.digital\/es\/wp-json\/wp\/v2\/pages"}],"about":[{"href":"https:\/\/prodigi.digital\/es\/wp-json\/wp\/v2\/types\/page"}],"author":[{"embeddable":true,"href":"https:\/\/prodigi.digital\/es\/wp-json\/wp\/v2\/users\/5"}],"replies":[{"embeddable":true,"href":"https:\/\/prodigi.digital\/es\/wp-json\/wp\/v2\/comments?post=8137"}],"version-history":[{"count":4,"href":"https:\/\/prodigi.digital\/es\/wp-json\/wp\/v2\/pages\/8137\/revisions"}],"predecessor-version":[{"id":8141,"href":"https:\/\/prodigi.digital\/es\/wp-json\/wp\/v2\/pages\/8137\/revisions\/8141"}],"wp:attachment":[{"href":"https:\/\/prodigi.digital\/es\/wp-json\/wp\/v2\/media?parent=8137"}],"curies":[{"name":"wp","href":"https:\/\/api.w.org\/{rel}","templated":true}]}}