{"id":8039,"date":"2022-07-06T15:46:37","date_gmt":"2022-07-06T13:46:37","guid":{"rendered":"https:\/\/prodigi.digital\/?page_id=8039"},"modified":"2022-07-07T17:44:57","modified_gmt":"2022-07-07T15:44:57","slug":"instrucciones-para-realizar-un-pedido","status":"publish","type":"page","link":"https:\/\/prodigi.digital\/es\/instrucciones-para-realizar-un-pedido\/","title":{"rendered":"Instrucciones para realizar un pedido"},"content":{"rendered":"\t\t<div data-elementor-type=\"wp-page\" data-elementor-id=\"8039\" class=\"elementor elementor-8039\" data-elementor-post-type=\"page\">\n\t\t\t\t\t\t<section class=\"elementor-section elementor-top-section elementor-element elementor-element-fb1f168 elementor-section-boxed elementor-section-height-default elementor-section-height-default parallax_section_no qode_elementor_container_no\" data-id=\"fb1f168\" data-element_type=\"section\" data-e-type=\"section\">\n\t\t\t\t\t\t<div class=\"elementor-container elementor-column-gap-default\">\n\t\t\t\t\t<div class=\"elementor-column elementor-col-100 elementor-top-column elementor-element elementor-element-b44abe0\" data-id=\"b44abe0\" data-element_type=\"column\" data-e-type=\"column\">\n\t\t\t<div class=\"elementor-widget-wrap elementor-element-populated\">\n\t\t\t\t\t\t<div class=\"elementor-element elementor-element-4d95348 elementor-arrows-position-outside elementor-widget__width-auto elementor-pagination-position-outside elementor-widget elementor-widget-image-carousel\" data-id=\"4d95348\" data-element_type=\"widget\" data-e-type=\"widget\" data-settings=\"{&quot;slides_to_show&quot;:&quot;1&quot;,&quot;autoplay&quot;:&quot;no&quot;,&quot;navigation&quot;:&quot;both&quot;,&quot;infinite&quot;:&quot;yes&quot;,&quot;effect&quot;:&quot;slide&quot;,&quot;speed&quot;:500}\" data-widget_type=\"image-carousel.default\">\n\t\t\t\t<div class=\"elementor-widget-container\">\n\t\t\t\t\t\t\t<div class=\"elementor-image-carousel-wrapper swiper\" role=\"region\" aria-roledescription=\"carousel\" aria-label=\"Carrusel de im\u00e1genes\" dir=\"ltr\">\n\t\t\t<div class=\"elementor-image-carousel swiper-wrapper\" aria-live=\"polite\">\n\t\t\t\t\t\t\t\t<div class=\"swiper-slide\" role=\"group\" aria-roledescription=\"slide\" aria-label=\"1 de 3\"><a data-elementor-open-lightbox=\"yes\" data-elementor-lightbox-slideshow=\"4d95348\" data-elementor-lightbox-title=\"Pedidos online. Papel y cuadernos desde URL\" data-e-action-hash=\"#elementor-action%3Aaction%3Dlightbox%26settings%3DeyJpZCI6ODA3MiwidXJsIjoiaHR0cHM6XC9cL3Byb2RpZ2kuZGlnaXRhbFwvd3AtY29udGVudFwvdXBsb2Fkc1wvMjAyMlwvMDdcLzEucG5nIiwic2xpZGVzaG93IjoiNGQ5NTM0OCJ9\" href=\"https:\/\/prodigi.digital\/wp-content\/uploads\/2022\/07\/1.png\"><figure class=\"swiper-slide-inner\"><img decoding=\"async\" class=\"swiper-slide-image\" src=\"https:\/\/prodigi.digital\/wp-content\/uploads\/2022\/07\/1.png\" alt=\"Pedidos online. Papel y cuadernos desde URL\" \/><\/figure><\/a><\/div><div class=\"swiper-slide\" role=\"group\" aria-roledescription=\"slide\" aria-label=\"2 de 3\"><a data-elementor-open-lightbox=\"yes\" data-elementor-lightbox-slideshow=\"4d95348\" data-elementor-lightbox-title=\"Pedidos online. Papel y cuadernos desde Weeras\" data-e-action-hash=\"#elementor-action%3Aaction%3Dlightbox%26settings%3DeyJpZCI6ODA2OCwidXJsIjoiaHR0cHM6XC9cL3Byb2RpZ2kuZGlnaXRhbFwvd3AtY29udGVudFwvdXBsb2Fkc1wvMjAyMlwvMDdcLzIucG5nIiwic2xpZGVzaG93IjoiNGQ5NTM0OCJ9\" href=\"https:\/\/prodigi.digital\/wp-content\/uploads\/2022\/07\/2.png\"><figure class=\"swiper-slide-inner\"><img decoding=\"async\" class=\"swiper-slide-image\" src=\"https:\/\/prodigi.digital\/wp-content\/uploads\/2022\/07\/2.png\" alt=\"Pedidos online. Papel y cuadernos desde Weeras\" \/><\/figure><\/a><\/div><div class=\"swiper-slide\" role=\"group\" aria-roledescription=\"slide\" aria-label=\"3 de 3\"><a data-elementor-open-lightbox=\"yes\" data-elementor-lightbox-slideshow=\"4d95348\" data-elementor-lightbox-title=\"Pedidos online. Digitales desde Weeras\" data-e-action-hash=\"#elementor-action%3Aaction%3Dlightbox%26settings%3DeyJpZCI6ODA3MCwidXJsIjoiaHR0cHM6XC9cL3Byb2RpZ2kuZGlnaXRhbFwvd3AtY29udGVudFwvdXBsb2Fkc1wvMjAyMlwvMDdcLzMucG5nIiwic2xpZGVzaG93IjoiNGQ5NTM0OCJ9\" href=\"https:\/\/prodigi.digital\/wp-content\/uploads\/2022\/07\/3.png\"><figure class=\"swiper-slide-inner\"><img decoding=\"async\" class=\"swiper-slide-image\" src=\"https:\/\/prodigi.digital\/wp-content\/uploads\/2022\/07\/3.png\" alt=\"Pedidos online. Digitales desde Weeras\" \/><\/figure><\/a><\/div>\t\t\t<\/div>\n\t\t\t\t\t\t\t\t\t\t\t\t<div class=\"elementor-swiper-button elementor-swiper-button-prev\" role=\"button\" tabindex=\"0\">\n\t\t\t\t\t\t<i aria-hidden=\"true\" class=\"eicon-chevron-left\"><\/i>\t\t\t\t\t<\/div>\n\t\t\t\t\t<div class=\"elementor-swiper-button elementor-swiper-button-next\" role=\"button\" tabindex=\"0\">\n\t\t\t\t\t\t<i aria-hidden=\"true\" class=\"eicon-chevron-right\"><\/i>\t\t\t\t\t<\/div>\n\t\t\t\t\n\t\t\t\t\t\t\t\t\t<div class=\"swiper-pagination\"><\/div>\n\t\t\t\t\t\t\t\t\t<\/div>\n\t\t\t\t\t\t<\/div>\n\t\t\t\t<\/div>\n\t\t\t\t\t<\/div>\n\t\t<\/div>\n\t\t\t\t\t<\/div>\n\t\t<\/section>\n\t\t\t\t<section class=\"elementor-section elementor-top-section elementor-element elementor-element-c6ca0bb elementor-section-boxed elementor-section-height-default elementor-section-height-default parallax_section_no qode_elementor_container_no\" data-id=\"c6ca0bb\" data-element_type=\"section\" data-e-type=\"section\">\n\t\t\t\t\t\t<div class=\"elementor-container elementor-column-gap-default\">\n\t\t\t\t\t<div class=\"elementor-column elementor-col-25 elementor-top-column elementor-element elementor-element-f932a63\" data-id=\"f932a63\" data-element_type=\"column\" data-e-type=\"column\">\n\t\t\t<div class=\"elementor-widget-wrap\">\n\t\t\t\t\t\t\t<\/div>\n\t\t<\/div>\n\t\t\t\t<div class=\"elementor-column elementor-col-25 elementor-top-column elementor-element elementor-element-53d764d\" data-id=\"53d764d\" data-element_type=\"column\" data-e-type=\"column\">\n\t\t\t<div class=\"elementor-widget-wrap elementor-element-populated\">\n\t\t\t\t\t\t<div class=\"elementor-element elementor-element-80ae194 elementor-align-center elementor-widget elementor-widget-button\" data-id=\"80ae194\" data-element_type=\"widget\" data-e-type=\"widget\" data-widget_type=\"button.default\">\n\t\t\t\t<div class=\"elementor-widget-container\">\n\t\t\t\t\t\t\t\t\t<div class=\"elementor-button-wrapper\">\n\t\t\t\t\t<a class=\"elementor-button elementor-button-link elementor-size-md\" href=\"https:\/\/prodigi.digital\/es\/comprar-desde-una-url\/\">\n\t\t\t\t\t\t<span class=\"elementor-button-content-wrapper\">\n\t\t\t\t\t\t\t\t\t<span class=\"elementor-button-text\">COMPRAR A TRAV\u00c9S DE URL<\/span>\n\t\t\t\t\t<\/span>\n\t\t\t\t\t<\/a>\n\t\t\t\t<\/div>\n\t\t\t\t\t\t\t\t<\/div>\n\t\t\t\t<\/div>\n\t\t\t\t\t<\/div>\n\t\t<\/div>\n\t\t\t\t<div class=\"elementor-column elementor-col-25 elementor-top-column elementor-element elementor-element-d7de1af\" data-id=\"d7de1af\" data-element_type=\"column\" data-e-type=\"column\">\n\t\t\t<div class=\"elementor-widget-wrap elementor-element-populated\">\n\t\t\t\t\t\t<div class=\"elementor-element elementor-element-2e40a63 elementor-align-center elementor-widget elementor-widget-button\" data-id=\"2e40a63\" data-element_type=\"widget\" data-e-type=\"widget\" data-widget_type=\"button.default\">\n\t\t\t\t<div class=\"elementor-widget-container\">\n\t\t\t\t\t\t\t\t\t<div class=\"elementor-button-wrapper\">\n\t\t\t\t\t<a class=\"elementor-button elementor-button-link elementor-size-md\" href=\"https:\/\/prodigi.digital\/es\/comprar-desde-weeras\/\">\n\t\t\t\t\t\t<span class=\"elementor-button-content-wrapper\">\n\t\t\t\t\t\t\t\t\t<span class=\"elementor-button-text\">COMPRAR DESDE WEERAS<\/span>\n\t\t\t\t\t<\/span>\n\t\t\t\t\t<\/a>\n\t\t\t\t<\/div>\n\t\t\t\t\t\t\t\t<\/div>\n\t\t\t\t<\/div>\n\t\t\t\t\t<\/div>\n\t\t<\/div>\n\t\t\t\t<div class=\"elementor-column elementor-col-25 elementor-top-column elementor-element elementor-element-bdaae07\" data-id=\"bdaae07\" data-element_type=\"column\" data-e-type=\"column\">\n\t\t\t<div class=\"elementor-widget-wrap\">\n\t\t\t\t\t\t\t<\/div>\n\t\t<\/div>\n\t\t\t\t\t<\/div>\n\t\t<\/section>\n\t\t\t\t<section class=\"elementor-section elementor-top-section elementor-element elementor-element-ad9c589 elementor-section-boxed elementor-section-height-default elementor-section-height-default parallax_section_no qode_elementor_container_no\" data-id=\"ad9c589\" data-element_type=\"section\" data-e-type=\"section\">\n\t\t\t\t\t\t<div class=\"elementor-container elementor-column-gap-default\">\n\t\t\t\t\t<div class=\"elementor-column elementor-col-100 elementor-top-column elementor-element elementor-element-d29a970\" data-id=\"d29a970\" data-element_type=\"column\" data-e-type=\"column\">\n\t\t\t<div class=\"elementor-widget-wrap elementor-element-populated\">\n\t\t\t\t\t\t<div class=\"elementor-element elementor-element-c75d5f7 elementor-widget elementor-widget-text-editor\" data-id=\"c75d5f7\" data-element_type=\"widget\" data-e-type=\"widget\" data-widget_type=\"text-editor.default\">\n\t\t\t\t<div class=\"elementor-widget-container\">\n\t\t\t\t\t\t\t\t\t<p>En ProDigi puedes comprar de forma r\u00e1pida, \u00e1gil, c\u00f3moda y segura. Adem\u00e1s, ahorrar\u00e1s en tus compras y dispondr\u00e1s siempre de la atenci\u00f3n al cliente que necesites en la direcci\u00f3n <a href=\"mailto:sat@editorialteide.com\">sat@editorialteide.com<\/a> (indica el nombre del centro educativo y la poblaci\u00f3n).<\/p>\t\t\t\t\t\t\t\t<\/div>\n\t\t\t\t<\/div>\n\t\t\t\t<div class=\"elementor-element elementor-element-800fcd2 elementor-widget elementor-widget-text-editor\" data-id=\"800fcd2\" data-element_type=\"widget\" data-e-type=\"widget\" data-widget_type=\"text-editor.default\">\n\t\t\t\t<div class=\"elementor-widget-container\">\n\t\t\t\t\t\t\t\t\t<p>Puedes adquirir los materiales prescriptivos del centro educativo en tres formatos: libros en papel, libros en formato digital\/multimedia h\u00edbridos (cuadernos).<\/p>\t\t\t\t\t\t\t\t<\/div>\n\t\t\t\t<\/div>\n\t\t\t\t<div class=\"elementor-element elementor-element-58be5c3 elementor-widget elementor-widget-heading\" data-id=\"58be5c3\" data-element_type=\"widget\" data-e-type=\"widget\" data-widget_type=\"heading.default\">\n\t\t\t\t<div class=\"elementor-widget-container\">\n\t\t\t\t\t<h1 class=\"elementor-heading-title elementor-size-default\">PREGUNTAS FRECUENTES.<\/h1>\t\t\t\t<\/div>\n\t\t\t\t<\/div>\n\t\t\t\t<div class=\"elementor-element elementor-element-d596021 elementor-widget elementor-widget-heading\" data-id=\"d596021\" data-element_type=\"widget\" data-e-type=\"widget\" data-widget_type=\"heading.default\">\n\t\t\t\t<div class=\"elementor-widget-container\">\n\t\t\t\t\t<h2 class=\"elementor-heading-title elementor-size-default\">Si compro libros digitales o multimedia, \u00bfd\u00f3nde los recibir\u00e9?<\/h2>\t\t\t\t<\/div>\n\t\t\t\t<\/div>\n\t\t\t\t<div class=\"elementor-element elementor-element-27b6ab5 elementor-widget elementor-widget-text-editor\" data-id=\"27b6ab5\" data-element_type=\"widget\" data-e-type=\"widget\" data-widget_type=\"text-editor.default\">\n\t\t\t\t<div class=\"elementor-widget-container\">\n\t\t\t\t\t\t\t\t\t<p>Los libros digitales y multimedia se pueden visualizar en la plataforma ProDigi (donde has realizado el pago). En el caso de libros ya editados, podr\u00e1s visualizarlos a las pocas horas de haber efectuado el pago. En cuanto a los libros editados en 2022, ser\u00e1n accesibles antes del inicio del curso.<\/p>\t\t\t\t\t\t\t\t<\/div>\n\t\t\t\t<\/div>\n\t\t\t\t<div class=\"elementor-element elementor-element-fa615c1 elementor-widget elementor-widget-heading\" data-id=\"fa615c1\" data-element_type=\"widget\" data-e-type=\"widget\" data-widget_type=\"heading.default\">\n\t\t\t\t<div class=\"elementor-widget-container\">\n\t\t\t\t\t<h2 class=\"elementor-heading-title elementor-size-default\">Si compro libros en papel y\/o cuadernos, \u00bfd\u00f3nde los recibir\u00e9?<\/h2>\t\t\t\t<\/div>\n\t\t\t\t<\/div>\n\t\t\t\t<div class=\"elementor-element elementor-element-022da9b elementor-widget elementor-widget-text-editor\" data-id=\"022da9b\" data-element_type=\"widget\" data-e-type=\"widget\" data-widget_type=\"text-editor.default\">\n\t\t\t\t<div class=\"elementor-widget-container\">\n\t\t\t\t\t\t\t\t\t<p>Los libros en papel y cuadernos se enviar\u00e1n al centro de estudios, donde se repartir\u00e1n entre el alumnado.<\/p>\t\t\t\t\t\t\t\t<\/div>\n\t\t\t\t<\/div>\n\t\t\t\t<div class=\"elementor-element elementor-element-a4c022b elementor-widget elementor-widget-heading\" data-id=\"a4c022b\" data-element_type=\"widget\" data-e-type=\"widget\" data-widget_type=\"heading.default\">\n\t\t\t\t<div class=\"elementor-widget-container\">\n\t\t\t\t\t<h2 class=\"elementor-heading-title elementor-size-default\">\u00bfNecesitar\u00e9 la factura para poder recoger los libros en papel y cuadernos en el centro?<\/h2>\t\t\t\t<\/div>\n\t\t\t\t<\/div>\n\t\t\t\t<div class=\"elementor-element elementor-element-0819115 elementor-widget elementor-widget-text-editor\" data-id=\"0819115\" data-element_type=\"widget\" data-e-type=\"widget\" data-widget_type=\"text-editor.default\">\n\t\t\t\t<div class=\"elementor-widget-container\">\n\t\t\t\t\t\t\t\t\t<p>El centro dispondr\u00e1 de una relaci\u00f3n de los pagos efectuados , por lo que no ser\u00e1 necesario que presentes la factura de compra para recoger los ejemplaren en papel. Si hace falta una identificaci\u00f3n adicional(resguardo en PDF, DNI u otros), te lo indicar\u00e1 el propio centro.<\/p>\t\t\t\t\t\t\t\t<\/div>\n\t\t\t\t<\/div>\n\t\t\t\t<div class=\"elementor-element elementor-element-2e91c70 elementor-widget elementor-widget-heading\" data-id=\"2e91c70\" data-element_type=\"widget\" data-e-type=\"widget\" data-widget_type=\"heading.default\">\n\t\t\t\t<div class=\"elementor-widget-container\">\n\t\t\t\t\t<h2 class=\"elementor-heading-title elementor-size-default\">\u00bfPuedo modificar o cancelar mi pedido?<\/h2>\t\t\t\t<\/div>\n\t\t\t\t<\/div>\n\t\t\t\t<div class=\"elementor-element elementor-element-cf5d93d elementor-widget elementor-widget-text-editor\" data-id=\"cf5d93d\" data-element_type=\"widget\" data-e-type=\"widget\" data-widget_type=\"text-editor.default\">\n\t\t\t\t<div class=\"elementor-widget-container\">\n\t\t\t\t\t\t\t\t\t<p>\u00danicamente podr\u00e1s solicitar la modificaci\u00f3n o cancelaci\u00f3n de tu pedido si no se encuentra en estado de preparaci\u00f3n avanzado. Para poder solicitar dicha modificaci\u00f3n o cancelaci\u00f3n, debes enviar un correo a <a href=\"mailto:sat@editorialteide.com\">sat@editorialteide.com<\/a> facilitando los datos de compra, el nombre del centro de estudios, la poblaci\u00f3n y los datos del alumno\/a a cuyo nombre se haya realizado el pedido de libros.<\/p>\t\t\t\t\t\t\t\t<\/div>\n\t\t\t\t<\/div>\n\t\t\t\t<div class=\"elementor-element elementor-element-a7b8a28 elementor-widget elementor-widget-heading\" data-id=\"a7b8a28\" data-element_type=\"widget\" data-e-type=\"widget\" data-widget_type=\"heading.default\">\n\t\t\t\t<div class=\"elementor-widget-container\">\n\t\t\t\t\t<h2 class=\"elementor-heading-title elementor-size-default\">\u00bfDe qu\u00e9 formas de pago dispongo?<\/h2>\t\t\t\t<\/div>\n\t\t\t\t<\/div>\n\t\t\t\t<div class=\"elementor-element elementor-element-625cc01 elementor-widget elementor-widget-text-editor\" data-id=\"625cc01\" data-element_type=\"widget\" data-e-type=\"widget\" data-widget_type=\"text-editor.default\">\n\t\t\t\t<div class=\"elementor-widget-container\">\n\t\t\t\t\t\t\t\t\t<p>&#8211; En l\u00ednea con tarjeta.<\/p><p>&#8211; A trav\u00e9s de cajero: imprime el recibo y realiza el pago en un cajero autom\u00e1tico de \u00abla Caixa\u00bb.<\/p><p>&#8211; En efectivo: imprime el recibo y efect\u00faa el pago en la ventanilla de la oficina de \u00abla Caixa\u00bb m\u00e1s cercana. Este sistema tiene un recargo de 4 \u20ac por tareas de gesti\u00f3n de la entidad bancaria.<\/p><p>Si has elegido la opci\u00f3n de pago a trav\u00e9s de cajero o en efectivo, no recibir\u00e1s ning\u00fan correo electr\u00f3nico. La asignaci\u00f3n de los libros digitales y multimedia tardar\u00e1 24 horas en hacerse efectiva.\u00a0<\/p>\t\t\t\t\t\t\t\t<\/div>\n\t\t\t\t<\/div>\n\t\t\t\t<div class=\"elementor-element elementor-element-5321872 elementor-widget elementor-widget-heading\" data-id=\"5321872\" data-element_type=\"widget\" data-e-type=\"widget\" data-widget_type=\"heading.default\">\n\t\t\t\t<div class=\"elementor-widget-container\">\n\t\t\t\t\t<h2 class=\"elementor-heading-title elementor-size-default\">\u00bfPor qu\u00e9 debo realizar una verificaci\u00f3n?<\/h2>\t\t\t\t<\/div>\n\t\t\t\t<\/div>\n\t\t\t\t<div class=\"elementor-element elementor-element-fee2c99 elementor-widget elementor-widget-text-editor\" data-id=\"fee2c99\" data-element_type=\"widget\" data-e-type=\"widget\" data-widget_type=\"text-editor.default\">\n\t\t\t\t<div class=\"elementor-widget-container\">\n\t\t\t\t\t\t\t\t\t<p>Debido a la nueva normativa europea PSD2, es posible que tengas que efectuar una verificaci\u00f3n cuando pagues con una tarjeta de cr\u00e9dito o d\u00e9bito durante el proceso de compra.<\/p>\t\t\t\t\t\t\t\t<\/div>\n\t\t\t\t<\/div>\n\t\t\t\t<div class=\"elementor-element elementor-element-3bf70b2 elementor-widget elementor-widget-heading\" data-id=\"3bf70b2\" data-element_type=\"widget\" data-e-type=\"widget\" data-widget_type=\"heading.default\">\n\t\t\t\t<div class=\"elementor-widget-container\">\n\t\t\t\t\t<h2 class=\"elementor-heading-title elementor-size-default\">Si tengo dudas, \u00bfa qui\u00e9n puedo dirigirme?<\/h2>\t\t\t\t<\/div>\n\t\t\t\t<\/div>\n\t\t\t\t<div class=\"elementor-element elementor-element-259049c elementor-widget elementor-widget-text-editor\" data-id=\"259049c\" data-element_type=\"widget\" data-e-type=\"widget\" data-widget_type=\"text-editor.default\">\n\t\t\t\t<div class=\"elementor-widget-container\">\n\t\t\t\t\t\t\t\t\t<p>Para cualquier consulta o aclaraci\u00f3n, escribe un correo electr\u00f3nico a la direcci\u00f3n <a href=\"mailto:sat@editorialteide.com\">sat@editorialteide.com<\/a> indicando el usuario y el centro de estudios.<\/p>\t\t\t\t\t\t\t\t<\/div>\n\t\t\t\t<\/div>\n\t\t\t\t\t<\/div>\n\t\t<\/div>\n\t\t\t\t\t<\/div>\n\t\t<\/section>\n\t\t\t\t<\/div>\n\t\t","protected":false},"excerpt":{"rendered":"<p>Anterior Seg\u00fcent COMPRAR A TRAV\u00c9S DE URL COMPRAR DESDE WEERAS En ProDigi puedes comprar de forma r\u00e1pida, \u00e1gil, c\u00f3moda y segura. Adem\u00e1s, ahorrar\u00e1s en tus compras y dispondr\u00e1s siempre de la atenci\u00f3n al cliente que necesites en la direcci\u00f3n sat@editorialteide.com (indica el nombre del centro&#8230;<\/p>\n","protected":false},"author":5,"featured_media":0,"parent":0,"menu_order":0,"comment_status":"closed","ping_status":"closed","template":"","meta":{"footnotes":""},"class_list":["post-8039","page","type-page","status-publish","hentry"],"_links":{"self":[{"href":"https:\/\/prodigi.digital\/es\/wp-json\/wp\/v2\/pages\/8039","targetHints":{"allow":["GET"]}}],"collection":[{"href":"https:\/\/prodigi.digital\/es\/wp-json\/wp\/v2\/pages"}],"about":[{"href":"https:\/\/prodigi.digital\/es\/wp-json\/wp\/v2\/types\/page"}],"author":[{"embeddable":true,"href":"https:\/\/prodigi.digital\/es\/wp-json\/wp\/v2\/users\/5"}],"replies":[{"embeddable":true,"href":"https:\/\/prodigi.digital\/es\/wp-json\/wp\/v2\/comments?post=8039"}],"version-history":[{"count":79,"href":"https:\/\/prodigi.digital\/es\/wp-json\/wp\/v2\/pages\/8039\/revisions"}],"predecessor-version":[{"id":8226,"href":"https:\/\/prodigi.digital\/es\/wp-json\/wp\/v2\/pages\/8039\/revisions\/8226"}],"wp:attachment":[{"href":"https:\/\/prodigi.digital\/es\/wp-json\/wp\/v2\/media?parent=8039"}],"curies":[{"name":"wp","href":"https:\/\/api.w.org\/{rel}","templated":true}]}}