{"id":5341,"date":"2022-04-27T15:10:48","date_gmt":"2022-04-27T13:10:48","guid":{"rendered":"https:\/\/prodigi.digital\/muestras\/"},"modified":"2023-01-16T13:05:41","modified_gmt":"2023-01-16T12:05:41","slug":"muestras","status":"publish","type":"page","link":"https:\/\/prodigi.digital\/es\/muestras\/","title":{"rendered":"Muestras"},"content":{"rendered":"\t\t<div data-elementor-type=\"wp-page\" data-elementor-id=\"5341\" class=\"elementor elementor-5341 elementor-4734\" data-elementor-post-type=\"page\">\n\t\t\t\t\t\t<section class=\"elementor-section elementor-top-section elementor-element elementor-element-078d860 elementor-section-full_width elementor-section-height-default elementor-section-height-default parallax_section_no qode_elementor_container_no\" data-id=\"078d860\" data-element_type=\"section\" data-e-type=\"section\">\n\t\t\t\t\t\t<div class=\"elementor-container elementor-column-gap-default\">\n\t\t\t\t\t<div class=\"elementor-column elementor-col-100 elementor-top-column elementor-element elementor-element-b273297\" data-id=\"b273297\" data-element_type=\"column\" data-e-type=\"column\">\n\t\t\t<div class=\"elementor-widget-wrap elementor-element-populated\">\n\t\t\t\t\t\t<div class=\"elementor-element elementor-element-c1a3175 elementor-widget elementor-widget-heading\" data-id=\"c1a3175\" data-element_type=\"widget\" data-e-type=\"widget\" data-widget_type=\"heading.default\">\n\t\t\t\t<div class=\"elementor-widget-container\">\n\t\t\t\t\t<h2 class=\"elementor-heading-title elementor-size-default\">FORMULARIO DE MUESTRAS<\/h2>\t\t\t\t<\/div>\n\t\t\t\t<\/div>\n\t\t\t\t\t<\/div>\n\t\t<\/div>\n\t\t\t\t\t<\/div>\n\t\t<\/section>\n\t\t\t\t<section class=\"elementor-section elementor-top-section elementor-element elementor-element-d51b415 elementor-section-stretched elementor-section-boxed elementor-section-height-default elementor-section-height-default parallax_section_no qode_elementor_container_no\" data-id=\"d51b415\" data-element_type=\"section\" data-e-type=\"section\" data-settings=\"{&quot;stretch_section&quot;:&quot;section-stretched&quot;,&quot;background_background&quot;:&quot;classic&quot;}\">\n\t\t\t\t\t\t<div class=\"elementor-container elementor-column-gap-default\">\n\t\t\t\t\t<div class=\"elementor-column elementor-col-100 elementor-top-column elementor-element elementor-element-c5b0caf\" data-id=\"c5b0caf\" data-element_type=\"column\" data-e-type=\"column\">\n\t\t\t<div class=\"elementor-widget-wrap elementor-element-populated\">\n\t\t\t\t\t\t<div class=\"elementor-element elementor-element-c220e48 eael-contact-form-7-button-align-right eael-contact-form-7-button-custom elementor-widget elementor-widget-eael-contact-form-7\" data-id=\"c220e48\" data-element_type=\"widget\" data-e-type=\"widget\" data-widget_type=\"eael-contact-form-7.default\">\n\t\t\t\t<div class=\"elementor-widget-container\">\n\t\t\t\t\t<div class=\"eael-contact-form-7-wrapper\">\n                <div class=\"eael-contact-form eael-contact-form-7 eael-contact-form-c220e48 placeholder-show eael-custom-radio-checkbox eael-contact-form-align-default\">\n<div class=\"wpcf7 no-js\" id=\"wpcf7-f4815-o1\" lang=\"es-ES\" dir=\"ltr\" data-wpcf7-id=\"4815\">\n<div class=\"screen-reader-response\"><p role=\"status\" aria-live=\"polite\" aria-atomic=\"true\"><\/p> <ul><\/ul><\/div>\n<form action=\"\/es\/wp-json\/wp\/v2\/pages\/5341#wpcf7-f4815-o1\" method=\"post\" class=\"wpcf7-form init\" aria-label=\"Formulario de contacto\" novalidate=\"novalidate\" data-status=\"init\">\n<fieldset class=\"hidden-fields-container\"><input type=\"hidden\" name=\"_wpcf7\" value=\"4815\" \/><input type=\"hidden\" name=\"_wpcf7_version\" value=\"6.1.5\" \/><input type=\"hidden\" name=\"_wpcf7_locale\" value=\"es_ES\" \/><input type=\"hidden\" name=\"_wpcf7_unit_tag\" value=\"wpcf7-f4815-o1\" \/><input type=\"hidden\" name=\"_wpcf7_container_post\" value=\"0\" \/><input type=\"hidden\" name=\"_wpcf7_posted_data_hash\" value=\"\" \/><input type=\"hidden\" name=\"_wpcf7_recaptcha_response\" value=\"\" \/>\n<\/fieldset>\n<div class=\"clearfix\">\n<div id=\"left\">\n<span class=\"wpcf7-form-control-wrap\" data-name=\"your-name\"><input size=\"40\" maxlength=\"400\" class=\"wpcf7-form-control wpcf7-text wpcf7-validates-as-required\" aria-required=\"true\" aria-invalid=\"false\" placeholder=\"Nombre *\" value=\"\" type=\"text\" name=\"your-name\" \/><\/span>\n<span class=\"wpcf7-form-control-wrap\" data-name=\"your-email\"><input size=\"40\" maxlength=\"400\" class=\"wpcf7-form-control wpcf7-email wpcf7-validates-as-required wpcf7-text wpcf7-validates-as-email\" aria-required=\"true\" aria-invalid=\"false\" placeholder=\"Correo electr\u00f3nico *\" value=\"\" type=\"email\" name=\"your-email\" \/><\/span>\n<span class=\"wpcf7-form-control-wrap\" data-name=\"your-centre\"><input size=\"40\" maxlength=\"400\" class=\"wpcf7-form-control wpcf7-text wpcf7-validates-as-required\" aria-required=\"true\" aria-invalid=\"false\" placeholder=\"Centro *\" value=\"\" type=\"text\" name=\"your-centre\" \/><\/span>\n<span class=\"wpcf7-form-control-wrap\" data-name=\"menu-212\"><select class=\"wpcf7-form-control wpcf7-select wpcf7-validates-as-required\" aria-required=\"true\" aria-invalid=\"false\" name=\"menu-212\"><option value=\"Etapa escolar *\">Etapa escolar *<\/option><option value=\"Infantil\">Infantil<\/option><option value=\"Primaria\">Primaria<\/option><option value=\"Secundaria\">Secundaria<\/option><option value=\"Bachillerato\">Bachillerato<\/option><option value=\"Formaci\u00f3n de adultos\">Formaci\u00f3n de adultos<\/option><\/select><\/span>\n<span class=\"wpcf7-form-control-wrap\" data-name=\"menu-537\"><select class=\"wpcf7-form-control wpcf7-select wpcf7-validates-as-required\" aria-required=\"true\" aria-invalid=\"false\" name=\"menu-537\"><option value=\"Formato *\">Formato *<\/option><option value=\"Libro de texto\">Libro de texto<\/option><option value=\"Blended o h\u00edbrido\">Blended o h\u00edbrido<\/option><option value=\"100% digital\">100% digital<\/option><option value=\"Proyectos\">Proyectos<\/option><option value=\"Otros\">Otros<\/option><\/select><\/span>\n<\/div>\n<div id=\"right\">\n<span class=\"wpcf7-form-control-wrap\" data-name=\"your-surname\"><input size=\"40\" maxlength=\"400\" class=\"wpcf7-form-control wpcf7-text wpcf7-validates-as-required\" aria-required=\"true\" aria-invalid=\"false\" placeholder=\"Apellido *\" value=\"\" type=\"text\" name=\"your-surname\" \/><\/span>\n<span class=\"wpcf7-form-control-wrap\" data-name=\"your-phonenumber\"><input size=\"40\" maxlength=\"400\" class=\"wpcf7-form-control wpcf7-text\" aria-invalid=\"false\" placeholder=\"Tel\u00e9fono (opcional)\" value=\"\" type=\"text\" name=\"your-phonenumber\" \/><\/span>\n<span class=\"wpcf7-form-control-wrap\" data-name=\"your-localitat-centre\"><input size=\"40\" maxlength=\"400\" class=\"wpcf7-form-control wpcf7-text wpcf7-validates-as-required\" aria-required=\"true\" aria-invalid=\"false\" placeholder=\"Localidad del centro *\" value=\"\" type=\"text\" name=\"your-localitat-centre\" \/><\/span>\n<span class=\"wpcf7-form-control-wrap\" data-name=\"your-assignature\"><input size=\"40\" maxlength=\"400\" class=\"wpcf7-form-control wpcf7-text\" aria-invalid=\"false\" placeholder=\"Asignatura\" value=\"\" type=\"text\" name=\"your-assignature\" \/><\/span>\n<span class=\"wpcf7-form-control-wrap\" data-name=\"menu-proposta\"><select class=\"wpcf7-form-control wpcf7-select wpcf7-validates-as-required\" aria-required=\"true\" aria-invalid=\"false\" name=\"menu-proposta\"><option value=\"\u00bfC\u00f3mo has conocido nuestra propuesta? *\">\u00bfC\u00f3mo has conocido nuestra propuesta? *<\/option><option value=\"Web\">Web<\/option><option value=\"Redes sociales\">Redes sociales<\/option><option value=\"Publicidad impresa\">Publicidad impresa<\/option><option value=\"Asesor pedag\u00f3gico\">Asesor pedag\u00f3gico<\/option><option value=\"Mail\">Mail<\/option><\/select><\/span>\n<\/div>\n<\/div>\n\n<div class=\"row-rounded\">\n            <label>Cargo: *<\/label><br \/>\n            <span class=\"wpcf7-form-control-wrap\" data-name=\"checkbox-546\"><span class=\"wpcf7-form-control wpcf7-checkbox wpcf7-validates-as-required\"><span class=\"wpcf7-list-item first\"><label><input type=\"checkbox\" name=\"checkbox-546[]\" value=\"Equipo Directivo\" \/><span class=\"wpcf7-list-item-label\">Equipo Directivo<\/span><\/label><\/span><span class=\"wpcf7-list-item\"><label><input type=\"checkbox\" name=\"checkbox-546[]\" value=\"Docente\" \/><span class=\"wpcf7-list-item-label\">Docente<\/span><\/label><\/span><span class=\"wpcf7-list-item\"><label><input type=\"checkbox\" name=\"checkbox-546[]\" value=\"Jefe de Departamento\" \/><span class=\"wpcf7-list-item-label\">Jefe de Departamento<\/span><\/label><\/span><span class=\"wpcf7-list-item last\"><label><input type=\"checkbox\" name=\"checkbox-546[]\" value=\"Coordinaci\u00f3n de\n            ciclo (1er ciclo, 2\u00ba ciclo, 3er ciclo)\" \/><span class=\"wpcf7-list-item-label\">Coordinaci\u00f3n de\n            ciclo (1er ciclo, 2\u00ba ciclo, 3er ciclo)<\/span><\/label><\/span><\/span><\/span>\n<\/div>\n\n<div>\n        <span class=\"wpcf7-form-control-wrap\" data-name=\"textarea-905\"><textarea cols=\"40\" rows=\"10\" maxlength=\"2000\" class=\"wpcf7-form-control wpcf7-textarea wpcf7-validates-as-required\" aria-required=\"true\" aria-invalid=\"false\" placeholder=\"Comentarios *\" name=\"textarea-905\"><\/textarea><\/span>\n<\/div>\n\n    <label>Consentimento GDPR *<\/label>\n    <span class=\"wpcf7-form-control-wrap\" data-name=\"acceptance-42\"><span class=\"wpcf7-form-control wpcf7-acceptance\"><span class=\"wpcf7-list-item\"><label><input type=\"checkbox\" name=\"acceptance-42\" value=\"1\" aria-invalid=\"false\" \/><span class=\"wpcf7-list-item-label\">CONSIENTO que los datos facilitados en este formulario sean tratados por la empresa EDITORIAL TEIDE SA con la \u00fanica finalidad de responder a la solicitud, sugerencia o petici\u00f3n realizada.<\/span><\/label><\/span><\/span><\/span>\n\n<div class=\"clearfix\">\n<div id=\"left\">\n&nbsp;\n<\/div>\n<div id=\"right\">\n    <div class=\"wp-submit-right\">\n    <input class=\"wpcf7-form-control wpcf7-submit has-spinner\" type=\"submit\" value=\"Enviar\" \/>\n    <\/div>\n<\/div>\n<\/div><p style=\"display: none !important;\" class=\"akismet-fields-container\" data-prefix=\"_wpcf7_ak_\"><label>&#916;<textarea name=\"_wpcf7_ak_hp_textarea\" cols=\"45\" rows=\"8\" maxlength=\"100\"><\/textarea><\/label><input type=\"hidden\" id=\"ak_js_1\" name=\"_wpcf7_ak_js\" value=\"185\"\/><script>document.getElementById( \"ak_js_1\" ).setAttribute( \"value\", ( new Date() ).getTime() );<\/script><\/p><div class=\"wpcf7-response-output\" aria-hidden=\"true\"><\/div>\n<\/form>\n<\/div>\n<\/div>\n            <\/div>\t\t\t\t<\/div>\n\t\t\t\t<\/div>\n\t\t\t\t<div class=\"elementor-element elementor-element-9b872bf elementor-widget elementor-widget-html\" data-id=\"9b872bf\" data-element_type=\"widget\" data-e-type=\"widget\" data-widget_type=\"html.default\">\n\t\t\t\t<div class=\"elementor-widget-container\">\n\t\t\t\t\t<!-- Meta Pixel Code -->\n<script>\n!function(f,b,e,v,n,t,s)\n{if(f.fbq)return;n=f.fbq=function(){n.callMethod?\nn.callMethod.apply(n,arguments):n.queue.push(arguments)};\nif(!f._fbq)f._fbq=n;n.push=n;n.loaded=!0;n.version='2.0';\nn.queue=[];t=b.createElement(e);t.async=!0;\nt.src=v;s=b.getElementsByTagName(e)[0];\ns.parentNode.insertBefore(t,s)}(window, document,'script',\n'https:\/\/connect.facebook.net\/en_US\/fbevents.js');\nfbq('init', '1046949052696234');\nfbq('track', 'PageView');\n<\/script>\n<noscript><img height=\"1\" width=\"1\" style=\"display:none\"\nsrc=\"https:\/\/www.facebook.com\/tr?id=1046949052696234&ev=PageView&noscript=1\"\n\/><\/noscript>\n<!-- End Meta Pixel Code -->\t\t\t\t<\/div>\n\t\t\t\t<\/div>\n\t\t\t\t\t<\/div>\n\t\t<\/div>\n\t\t\t\t\t<\/div>\n\t\t<\/section>\n\t\t\t\t<section class=\"elementor-section elementor-top-section elementor-element elementor-element-1a2b9b7 elementor-section-boxed elementor-section-height-default elementor-section-height-default parallax_section_no qode_elementor_container_no\" data-id=\"1a2b9b7\" data-element_type=\"section\" data-e-type=\"section\">\n\t\t\t\t\t\t<div class=\"elementor-container elementor-column-gap-default\">\n\t\t\t\t\t<div class=\"elementor-column elementor-col-100 elementor-top-column elementor-element elementor-element-7c596d7\" data-id=\"7c596d7\" data-element_type=\"column\" data-e-type=\"column\">\n\t\t\t<div class=\"elementor-widget-wrap elementor-element-populated\">\n\t\t\t\t\t\t<div class=\"elementor-element elementor-element-64ec306 elementor-widget elementor-widget-spacer\" data-id=\"64ec306\" data-element_type=\"widget\" data-e-type=\"widget\" data-widget_type=\"spacer.default\">\n\t\t\t\t<div class=\"elementor-widget-container\">\n\t\t\t\t\t\t\t<div class=\"elementor-spacer\">\n\t\t\t<div class=\"elementor-spacer-inner\"><\/div>\n\t\t<\/div>\n\t\t\t\t\t\t<\/div>\n\t\t\t\t<\/div>\n\t\t\t\t\t<\/div>\n\t\t<\/div>\n\t\t\t\t\t<\/div>\n\t\t<\/section>\n\t\t\t\t<\/div>\n\t\t","protected":false},"excerpt":{"rendered":"<p>FORMULARIO DE MUESTRAS Etapa escolar *InfantilPrimariaSecundariaBachilleratoFormaci\u00f3n de adultos Formato *Libro de textoBlended o h\u00edbrido100% digitalProyectosOtros \u00bfC\u00f3mo has conocido nuestra propuesta? *WebRedes socialesPublicidad impresaAsesor pedag\u00f3gico Cargo: * Equipo DirectivoDocenteJefe de DepartamentoCoordinaci\u00f3n de ciclo (1er ciclo, 2\u00ba ciclo, 3er ciclo) Consentimento GDPR * CONSIENTO que los datos&#8230;<\/p>\n","protected":false},"author":5,"featured_media":0,"parent":0,"menu_order":0,"comment_status":"closed","ping_status":"closed","template":"","meta":{"footnotes":""},"class_list":["post-5341","page","type-page","status-publish","hentry"],"_links":{"self":[{"href":"https:\/\/prodigi.digital\/es\/wp-json\/wp\/v2\/pages\/5341","targetHints":{"allow":["GET"]}}],"collection":[{"href":"https:\/\/prodigi.digital\/es\/wp-json\/wp\/v2\/pages"}],"about":[{"href":"https:\/\/prodigi.digital\/es\/wp-json\/wp\/v2\/types\/page"}],"author":[{"embeddable":true,"href":"https:\/\/prodigi.digital\/es\/wp-json\/wp\/v2\/users\/5"}],"replies":[{"embeddable":true,"href":"https:\/\/prodigi.digital\/es\/wp-json\/wp\/v2\/comments?post=5341"}],"version-history":[{"count":11,"href":"https:\/\/prodigi.digital\/es\/wp-json\/wp\/v2\/pages\/5341\/revisions"}],"predecessor-version":[{"id":11410,"href":"https:\/\/prodigi.digital\/es\/wp-json\/wp\/v2\/pages\/5341\/revisions\/11410"}],"wp:attachment":[{"href":"https:\/\/prodigi.digital\/es\/wp-json\/wp\/v2\/media?parent=5341"}],"curies":[{"name":"wp","href":"https:\/\/api.w.org\/{rel}","templated":true}]}}