{"id":14947,"date":"2023-03-14T12:19:39","date_gmt":"2023-03-14T11:19:39","guid":{"rendered":"https:\/\/prodigi.digital\/?page_id=14947"},"modified":"2023-03-20T13:24:54","modified_gmt":"2023-03-20T12:24:54","slug":"somos-el-cambio-sostenible","status":"publish","type":"page","link":"https:\/\/prodigi.digital\/es\/somos-el-cambio-sostenible\/","title":{"rendered":"Somos el cambio sostenible"},"content":{"rendered":"\t\t<div data-elementor-type=\"wp-page\" data-elementor-id=\"14947\" class=\"elementor elementor-14947\" data-elementor-post-type=\"page\">\n\t\t\t\t\t\t<section class=\"elementor-section elementor-top-section elementor-element elementor-element-e9fe1d6 elementor-section-height-min-height elementor-section-boxed elementor-section-height-default elementor-section-items-middle parallax_section_no qode_elementor_container_no\" data-id=\"e9fe1d6\" data-element_type=\"section\" data-e-type=\"section\" data-settings=\"{&quot;background_background&quot;:&quot;classic&quot;}\">\n\t\t\t\t\t\t<div class=\"elementor-container elementor-column-gap-default\">\n\t\t\t\t\t<div class=\"elementor-column elementor-col-100 elementor-top-column elementor-element elementor-element-49ce5da\" data-id=\"49ce5da\" data-element_type=\"column\" data-e-type=\"column\">\n\t\t\t<div class=\"elementor-widget-wrap\">\n\t\t\t\t\t\t\t<\/div>\n\t\t<\/div>\n\t\t\t\t\t<\/div>\n\t\t<\/section>\n\t\t\t\t<section class=\"elementor-section elementor-top-section elementor-element elementor-element-9e77288 elementor-section-boxed elementor-section-height-default elementor-section-height-default parallax_section_no qode_elementor_container_no\" data-id=\"9e77288\" data-element_type=\"section\" data-e-type=\"section\">\n\t\t\t\t\t\t<div class=\"elementor-container elementor-column-gap-default\">\n\t\t\t\t\t<div class=\"elementor-column elementor-col-100 elementor-top-column elementor-element elementor-element-6944246\" data-id=\"6944246\" data-element_type=\"column\" data-e-type=\"column\">\n\t\t\t<div class=\"elementor-widget-wrap elementor-element-populated\">\n\t\t\t\t\t\t<div class=\"elementor-element elementor-element-9f6026f elementor-widget elementor-widget-heading\" data-id=\"9f6026f\" data-element_type=\"widget\" data-e-type=\"widget\" data-widget_type=\"heading.default\">\n\t\t\t\t<div class=\"elementor-widget-container\">\n\t\t\t\t\t<h2 class=\"elementor-heading-title elementor-size-default\">Somos el cambio sostenible<br>que queremos aprender<\/h2>\t\t\t\t<\/div>\n\t\t\t\t<\/div>\n\t\t\t\t\t<\/div>\n\t\t<\/div>\n\t\t\t\t\t<\/div>\n\t\t<\/section>\n\t\t\t\t<section class=\"elementor-section elementor-top-section elementor-element elementor-element-67b514f elementor-section-content-middle elementor-section-boxed elementor-section-height-default elementor-section-height-default parallax_section_no qode_elementor_container_no\" data-id=\"67b514f\" data-element_type=\"section\" data-e-type=\"section\">\n\t\t\t\t\t\t<div class=\"elementor-container elementor-column-gap-default\">\n\t\t\t\t\t<div class=\"elementor-column elementor-col-33 elementor-top-column elementor-element elementor-element-89ed410\" data-id=\"89ed410\" data-element_type=\"column\" data-e-type=\"column\">\n\t\t\t<div class=\"elementor-widget-wrap elementor-element-populated\">\n\t\t\t\t\t\t<div class=\"elementor-element elementor-element-80386b7 elementor-widget elementor-widget-image\" data-id=\"80386b7\" data-element_type=\"widget\" data-e-type=\"widget\" data-widget_type=\"image.default\">\n\t\t\t\t<div class=\"elementor-widget-container\">\n\t\t\t\t\t\t\t\t\t\t\t\t\t\t\t<img decoding=\"async\" width=\"150\" height=\"150\" src=\"https:\/\/prodigi.digital\/wp-content\/uploads\/2023\/03\/Componente-1-\u2013-1-copia.png\" class=\"attachment-medium size-medium wp-image-14965\" alt=\"\" \/>\t\t\t\t\t\t\t\t\t\t\t\t\t\t\t<\/div>\n\t\t\t\t<\/div>\n\t\t\t\t\t<\/div>\n\t\t<\/div>\n\t\t\t\t<div class=\"elementor-column elementor-col-33 elementor-top-column elementor-element elementor-element-de8ab26\" data-id=\"de8ab26\" data-element_type=\"column\" data-e-type=\"column\">\n\t\t\t<div class=\"elementor-widget-wrap elementor-element-populated\">\n\t\t\t\t\t\t<div class=\"elementor-element elementor-element-1d9dab5 elementor-widget elementor-widget-heading\" data-id=\"1d9dab5\" data-element_type=\"widget\" data-e-type=\"widget\" data-widget_type=\"heading.default\">\n\t\t\t\t<div class=\"elementor-widget-container\">\n\t\t\t\t\t<p class=\"elementor-heading-title elementor-size-default\">ProDigi ha empezado a <b>evolucionar hacia la sostenibilidad, tanto en material f\u00edsico como tecnol\u00f3gico<\/b>. A partir de ahora, <b>se empezar\u00e1 a producir los materiales impresos con papel 100 % reciclado<\/b>. Y tambi\u00e9n se ha implantado tecnolog\u00eda sostenible<br> respecto a los <b>servidores, con alojamiento web ecol\u00f3gico<\/b>.<\/p>\t\t\t\t<\/div>\n\t\t\t\t<\/div>\n\t\t\t\t\t<\/div>\n\t\t<\/div>\n\t\t\t\t<div class=\"elementor-column elementor-col-33 elementor-top-column elementor-element elementor-element-b5ed36c\" data-id=\"b5ed36c\" data-element_type=\"column\" data-e-type=\"column\">\n\t\t\t<div class=\"elementor-widget-wrap\">\n\t\t\t\t\t\t\t<\/div>\n\t\t<\/div>\n\t\t\t\t\t<\/div>\n\t\t<\/section>\n\t\t\t\t<section class=\"elementor-section elementor-top-section elementor-element elementor-element-8ff10fc elementor-section-content-middle elementor-section-boxed elementor-section-height-default elementor-section-height-default parallax_section_no qode_elementor_container_no\" data-id=\"8ff10fc\" data-element_type=\"section\" data-e-type=\"section\">\n\t\t\t\t\t\t<div class=\"elementor-container elementor-column-gap-default\">\n\t\t\t\t\t<div class=\"elementor-column elementor-col-33 elementor-top-column elementor-element elementor-element-7ceb1c1\" data-id=\"7ceb1c1\" data-element_type=\"column\" data-e-type=\"column\">\n\t\t\t<div class=\"elementor-widget-wrap elementor-element-populated\">\n\t\t\t\t\t\t<div class=\"elementor-element elementor-element-f54caa0 elementor-widget elementor-widget-image\" data-id=\"f54caa0\" data-element_type=\"widget\" data-e-type=\"widget\" data-widget_type=\"image.default\">\n\t\t\t\t<div class=\"elementor-widget-container\">\n\t\t\t\t\t\t\t\t\t\t\t\t\t\t\t<img decoding=\"async\" width=\"150\" height=\"150\" src=\"https:\/\/prodigi.digital\/wp-content\/uploads\/2023\/03\/Grupo-132-copia.png\" class=\"attachment-medium size-medium wp-image-14970\" alt=\"\" \/>\t\t\t\t\t\t\t\t\t\t\t\t\t\t\t<\/div>\n\t\t\t\t<\/div>\n\t\t\t\t\t<\/div>\n\t\t<\/div>\n\t\t\t\t<div class=\"elementor-column elementor-col-33 elementor-top-column elementor-element elementor-element-9d636c2\" data-id=\"9d636c2\" data-element_type=\"column\" data-e-type=\"column\">\n\t\t\t<div class=\"elementor-widget-wrap elementor-element-populated\">\n\t\t\t\t\t\t<div class=\"elementor-element elementor-element-5be9c46 elementor-widget elementor-widget-heading\" data-id=\"5be9c46\" data-element_type=\"widget\" data-e-type=\"widget\" data-widget_type=\"heading.default\">\n\t\t\t\t<div class=\"elementor-widget-container\">\n\t\t\t\t\t<p class=\"elementor-heading-title elementor-size-default\">En ProDigi no solo somos innovadores en cuanto al material de ense\u00f1anza, tambi\u00e9n estamos implicados en serlo con todo aquello que nos rodea. Con el <b>firme compromiso por la responsabilidad social y la conservaci\u00f3n del medio ambiente<\/b>. Cuando quieres ver un cambio en el planeta, tienes que empezar cambiando t\u00fa.\n<\/p>\t\t\t\t<\/div>\n\t\t\t\t<\/div>\n\t\t\t\t\t<\/div>\n\t\t<\/div>\n\t\t\t\t<div class=\"elementor-column elementor-col-33 elementor-top-column elementor-element elementor-element-87f0e9f\" data-id=\"87f0e9f\" data-element_type=\"column\" data-e-type=\"column\">\n\t\t\t<div class=\"elementor-widget-wrap\">\n\t\t\t\t\t\t\t<\/div>\n\t\t<\/div>\n\t\t\t\t\t<\/div>\n\t\t<\/section>\n\t\t\t\t<\/div>\n\t\t","protected":false},"excerpt":{"rendered":"<p>Somos el cambio sostenibleque queremos aprender ProDigi ha empezado a evolucionar hacia la sostenibilidad, tanto en material f\u00edsico como tecnol\u00f3gico. A partir de ahora, se empezar\u00e1 a producir los materiales impresos con papel 100 % reciclado. Y tambi\u00e9n se ha implantado tecnolog\u00eda sostenible respecto a&#8230;<\/p>\n","protected":false},"author":5,"featured_media":0,"parent":0,"menu_order":0,"comment_status":"closed","ping_status":"closed","template":"","meta":{"footnotes":""},"class_list":["post-14947","page","type-page","status-publish","hentry"],"_links":{"self":[{"href":"https:\/\/prodigi.digital\/es\/wp-json\/wp\/v2\/pages\/14947","targetHints":{"allow":["GET"]}}],"collection":[{"href":"https:\/\/prodigi.digital\/es\/wp-json\/wp\/v2\/pages"}],"about":[{"href":"https:\/\/prodigi.digital\/es\/wp-json\/wp\/v2\/types\/page"}],"author":[{"embeddable":true,"href":"https:\/\/prodigi.digital\/es\/wp-json\/wp\/v2\/users\/5"}],"replies":[{"embeddable":true,"href":"https:\/\/prodigi.digital\/es\/wp-json\/wp\/v2\/comments?post=14947"}],"version-history":[{"count":25,"href":"https:\/\/prodigi.digital\/es\/wp-json\/wp\/v2\/pages\/14947\/revisions"}],"predecessor-version":[{"id":15151,"href":"https:\/\/prodigi.digital\/es\/wp-json\/wp\/v2\/pages\/14947\/revisions\/15151"}],"wp:attachment":[{"href":"https:\/\/prodigi.digital\/es\/wp-json\/wp\/v2\/media?parent=14947"}],"curies":[{"name":"wp","href":"https:\/\/api.w.org\/{rel}","templated":true}]}}